{"id":146,"date":"2012-08-07T15:08:26","date_gmt":"2012-08-07T15:08:26","guid":{"rendered":"http:\/\/www.ultrasoundgel.eu\/?page_id=146"},"modified":"2012-08-07T15:20:24","modified_gmt":"2012-08-07T15:20:24","slug":"kavitations-laser-und-ultraschallgel","status":"publish","type":"page","link":"http:\/\/www.ultrasoundgel.eu\/de\/","title":{"rendered":"Kavitations, Laser und Ultraschallgel"},"content":{"rendered":"<div class=\"su-column su-column-1-3\">\n<div class=\"su-frame su-frame-align-none\">\n<div class=\"su-frame-shell\"><a href=\"http:\/\/www.ultrasoundgel.eu\/wp-content\/uploads\/2012\/07\/kavitacija.jpg\"><img decoding=\"async\" loading=\"lazy\" class=\"alignnone size-thumbnail wp-image-59\" title=\"kavitacija\" src=\"http:\/\/www.ultrasoundgel.eu\/wp-content\/uploads\/2012\/07\/kavitacija-e1342208534602-150x150.jpg\" alt=\"\" width=\"150\" height=\"150\" \/><\/a><\/div>\n<\/div>\n<p><strong>Kavitation<\/strong><br \/>\nDas Gel+ Kavitationsgel ist f\u00fcr Behandlungen wie Kavitation und Elektrostimulation geeignet.<\/p>\n<\/div>\n<div class=\"su-column su-column-1-3\">\n<div class=\"su-frame su-frame-align-none\">\n<div class=\"su-frame-shell\"><a href=\"http:\/\/www.ultrasoundgel.eu\/wp-content\/uploads\/2012\/07\/ultrazvok.jpg\"><img decoding=\"async\" loading=\"lazy\" class=\"alignnone size-thumbnail wp-image-71\" title=\"ultrazvok\" src=\"http:\/\/www.ultrasoundgel.eu\/wp-content\/uploads\/2012\/07\/ultrazvok-150x150.jpg\" alt=\"\" width=\"150\" height=\"150\" srcset=\"http:\/\/www.ultrasoundgel.eu\/wp-content\/uploads\/2012\/07\/ultrazvok-150x150.jpg 150w, http:\/\/www.ultrasoundgel.eu\/wp-content\/uploads\/2012\/07\/ultrazvok-210x210.jpg 210w\" sizes=\"(max-width: 150px) 100vw, 150px\" \/><\/a><\/div>\n<\/div>\n<p><strong>Ultraschall<\/strong><\/p>\n<p>Das Gel+ Ultraschallgel ist f\u00fcr Ultraschallbehandlungen geeignet, die einen Blick auf das ungeborene Kind, genauso wie Pulsmessungen am Kind und Untersuchungen der inneren Organe f\u00fcr medizinische Zwecke erm\u00f6glicht.<\/p>\n<\/div>\n<div class=\"su-column su-column-1-3 su-column-last\">\n<div class=\"su-frame su-frame-align-none\">\n<div class=\"su-frame-shell\"><a href=\"http:\/\/www.ultrasoundgel.eu\/wp-content\/uploads\/2012\/07\/epilacija-1.jpg\"><img decoding=\"async\" loading=\"lazy\" class=\"alignnone size-thumbnail wp-image-72\" title=\"epilacija-1\" src=\"http:\/\/www.ultrasoundgel.eu\/wp-content\/uploads\/2012\/07\/epilacija-1-150x150.jpg\" alt=\"\" width=\"150\" height=\"150\" srcset=\"http:\/\/www.ultrasoundgel.eu\/wp-content\/uploads\/2012\/07\/epilacija-1-150x150.jpg 150w, http:\/\/www.ultrasoundgel.eu\/wp-content\/uploads\/2012\/07\/epilacija-1-210x210.jpg 210w\" sizes=\"(max-width: 150px) 100vw, 150px\" \/><\/a><\/div>\n<\/div>\n<p><strong>IPL laser<\/strong><br \/>\nDas Gel+ IPL Lasergel ist f\u00fcr die Anwendung mit IPL Laserger\u00e4ten und eLite IPL+RF Laserger\u00e4ten, wie auch mit anderen Laserger\u00e4ten geeignet (Diodenlaser).\n<\/div>\n<div class=\"su-spacer\"><\/div>\n<div class=\"clear\"><\/div>\n<p>Das Ultraschallgel ist transparent und Dickfl\u00fcssig, dabei aber nicht unangenehm klebrig. Wenn das Ultraschallgel auf die Haut aufgertragen ist, tropft und l\u00e4uft es nicht. Das Gel haftet leicht auf der Haut und bleibt dort, bis es abgewischt wird. Die h\u00e4ufigste Bemerkung zum Ultraschallgel ist, dass es sich k\u00fchl anf\u00fchlt. Deswegen verwenden zahlreiche medizinische und kosmetische Fachleute spezielle W\u00e4rmer, die das Gel vor dem auftragen auf die Haut des Patienten auf eine angenehmere Temperatur erhitzen. \u00dcbrigens ist aber bei einigen Behandlungen k\u00fchles Ultraschallgel sogar erw\u00fcnscht.<\/p>\n<div class=\"su-heading\">\n<div class=\"su-heading-shell\">Eigenschaften<\/div>\n<\/div>\n<div class=\"su-column su-column-1-2\">\n<ul>\n<li>Geruchlos<\/li>\n<li>Akustisch f\u00fcr ein weites Spektrum verwendeter Frequenzen geeignet<\/li>\n<li>Hypoallergenisch, bakteriostatisch, reizt nicht<\/li>\n<li>Wasserl\u00f6slich (leicht zu entfernen)<\/li>\n<li>Ohne sch\u00e4dliche Chemikalien oder Farbstoffe<\/li>\n<\/ul>\n<\/div>\n<div class=\"su-column su-column-1-2 su-column-last\">\n<ul>\n<li>Reiche, hydrierende Formel<\/li>\n<li>Bequem und angenehm zu verwenden<\/li>\n<li>Akustisch f\u00fcr ein weites Spektrum verwendeter Frequenzen geeignet<\/li>\n<li>Besch\u00e4digt oder verschmutzt die Ausr\u00fcstung nicht<\/li>\n<li>Entsprechend Zertifiziert: CE, ISO 13485:2003\/AC:2009<\/li>\n<li>Guaranteed lowest price<\/li>\n<\/ul>\n<\/div>\n<div class=\"su-spacer\"><\/div>\n<div class=\"su-heading\">\n<div class=\"su-heading-shell\">Kundenempfehlungen<\/div>\n<\/div>\n<div class=\"su-quote su-quote-style-1\">\n<div class=\"su-quote-shell\">Die Kunden in meinem Kosmetiksalon haben sofort bemerkt, dass wir ein neues Gel f\u00fcr Kavitationsbehandlungen benutzen. Wir haben viele positive Kommentare dazu bekommen, vorallem hinsichtlich dessen, dass das Gel geruchlos und leicht entfernbar ist. Petra, Novo mesto<\/div>\n<\/div>\n<div class=\"su-quote su-quote-style-1\">\n<div class=\"su-quote-shell\">Das Gel l\u00e4sst sich wirklich unglaublich m\u00fchelos entfernen. Es hat uns auch schon vor somancher unangenehmen Situation bewahrt, da es zum Gl\u00fcck die Kleidung der Kunden nicht beschmutzt. Die konsistenz des Gels ist aber auch genau richtig, dass man damit sparsam umgehen. Marta, Nova Gorica<\/div>\n<\/div>\n<div class=\"su-heading\">\n<div class=\"su-heading-shell\">Garantierter Niedrigstpreis<\/div>\n<\/div>\n<div class=\"su-column su-column-1-2\"><a href=\"\/de\/bestellung\"><\/p>\n<div class=\"su-pricing-box-bg\" style=\"background-color:#2b2b2b;\"><span class=\"su-pricing-title\"  style=\"color:#ffffff;\"> Gel+ 0.25kg<\/span><\/p>\n<div class=\"su-pricing-line\" style=\"background-color:#1a1a1a;\" ><\/div>\n<div class=\"su-pricing-line-2\" style=\"background-color:#404040;\" ><\/div>\n<div style=\"color:#ffffff;\"><span class=\"su-pricing-value su-pricing-currency\" style=\"font-size: 30px;\" >\u20ac<\/span><span class=\"su-pricing-value\" style=\"font-size: 95px;\">0,89<\/span><span class=\"su-pricing-value\" style=\"font-size: 14px;\">\/stk<\/span><br \/><span class=\"su-pricing-slug\" style=\"color: #959595; font-size: 11px; \"><\/span><\/div>\n<div class=\"su-pricing-line\" style=\"background-color:#1a1a1a;\" ><\/div>\n<div class=\"su-pricing-line-2\" style=\"background-color:#404040;\" ><\/div>\n<div class=\"su-pricing-content\" style=\"color:#ffffff;\">In 250 g Plastikfl\u00e4schchen verpackt.\u00a0 Paket 40 x 0,25 kg.<\/div>\n<\/div>\n<p><\/a><\/div>\n<div class=\"su-column su-column-1-2 su-column-last\"><a href=\"\/de\/bestellung\"><\/p>\n<div class=\"su-pricing-box-bg\" style=\"background-color:#2b2b2b;\"><span class=\"su-pricing-title\"  style=\"color:#ffffff;\"> Gel+ 5kg<\/span><\/p>\n<div class=\"su-pricing-line\" style=\"background-color:#1a1a1a;\" ><\/div>\n<div class=\"su-pricing-line-2\" style=\"background-color:#404040;\" ><\/div>\n<div style=\"color:#ffffff;\"><span class=\"su-pricing-value su-pricing-currency\" style=\"font-size: 30px;\" >\u20ac<\/span><span class=\"su-pricing-value\" style=\"font-size: 95px;\">14,90<\/span><span class=\"su-pricing-value\" style=\"font-size: 14px;\">\/stk<\/span><br \/><span class=\"su-pricing-slug\" style=\"color: #959595; font-size: 11px; \"><\/span><\/div>\n<div class=\"su-pricing-line\" style=\"background-color:#1a1a1a;\" ><\/div>\n<div class=\"su-pricing-line-2\" style=\"background-color:#404040;\" ><\/div>\n<div class=\"su-pricing-content\" style=\"color:#ffffff;\">In 5kg Beh\u00e4ltern verpackt. Paket 2 x 5 kg in Kartonschachtel.<\/div>\n<\/div>\n<p><\/a><\/div>\n<div class=\"su-spacer\"><\/div>\n<p>F\u00fcr gr\u00f6\u00dfere Mengen schicken uns bitte eine Anfrage. Gel+ ist eine Marke des Unternehmens ART-PE.<\/p>\n<p>Dass Ultraschall-, Kavitations- und Lasergel basiert auf einer Formel, die dem weltweiten Standard entspricht und \u201eunkopierbar\u201c ist. Das Ultraschall-Leitgel\u00a0 verf\u00fcgt \u00fcber keinerlei Ger\u00fcche oder Farben. Es findet bei diagnostischen und therapeutischen medizinischen Ultraschallverfahren auf den Gebieten der Geburtshilfe, Gyn\u00e4kologie, Verdauungs-, Urin\u00e4r- und Nervensystemen, wie auch in Lasereingriffen und kosmetischen eingriffen Verwendung.<\/p>\n<p><span style=\"font-size: medium;\">Sicherheitsanleitung zum Ultraschallgel<\/span><\/p>\n<p>Eigenschaften:<\/p>\n<ul>\n<li>nicht brennbar<\/li>\n<li>nicht reaktiv \u2013 stabil<\/li>\n<li>nicht gesundheitssch\u00e4dlich<\/li>\n<li>bei gebrauch sind keine Nebenwirkungen bekannt<\/li>\n<li>bei Versch\u00fcttung des Gel+ Gels muss es mechanisch vom Boden entfernt und die betroffene Oberfl\u00e4che mit Wasser gesp\u00fchlt werden \u2013 ACHTUNG: Ausrutschgefahr!<\/li>\n<li>bei Kontakt mit dem Auge, mit wasser sp\u00fchlen<\/li>\n<\/ul>\n<p>&nbsp;<\/p>\n<p><a href=\"\/de\/bestellung\" class=\"su-button su-button-style-1 su-button-class\" style=\"background-color:#b80000;border:1px solid #930000;border-radius:6px;-moz-border-radius:6px;-webkit-border-radius:6px;\" target=\"_self\"><span style=\"color:#f8e6e6;padding:10px 22px 11px;font-size:14px;height:14px;line-height:14px;border-top:1px solid #dc8080;border-radius:6px;text-shadow:-1px -1px 0 #a60000;-moz-border-radius:6px;-moz-text-shadow:-1px -1px 0 #a60000;-webkit-border-radius:6px;-webkit-text-shadow:-1px -1px 0 #a60000;\">Bestellung <\/span><\/a><\/p>\n","protected":false},"excerpt":{"rendered":"<p>Das Ultraschallgel ist transparent und Dickfl\u00fcssig, dabei aber nicht unangenehm klebrig. Wenn das Ultraschallgel auf die Haut aufgertragen ist, tropft und l\u00e4uft es nicht. Das Gel haftet leicht auf der Haut und bleibt dort, bis es abgewischt wird. Die h\u00e4ufigste Bemerkung zum Ultraschallgel ist, dass es sich k\u00fchl anf\u00fchlt. Deswegen verwenden zahlreiche medizinische und kosmetische [&hellip;]<\/p>\n","protected":false},"author":1,"featured_media":0,"parent":0,"menu_order":0,"comment_status":"open","ping_status":"open","template":"","meta":[],"_links":{"self":[{"href":"http:\/\/www.ultrasoundgel.eu\/de\/wp-json\/wp\/v2\/pages\/146"}],"collection":[{"href":"http:\/\/www.ultrasoundgel.eu\/de\/wp-json\/wp\/v2\/pages"}],"about":[{"href":"http:\/\/www.ultrasoundgel.eu\/de\/wp-json\/wp\/v2\/types\/page"}],"author":[{"embeddable":true,"href":"http:\/\/www.ultrasoundgel.eu\/de\/wp-json\/wp\/v2\/users\/1"}],"replies":[{"embeddable":true,"href":"http:\/\/www.ultrasoundgel.eu\/de\/wp-json\/wp\/v2\/comments?post=146"}],"version-history":[{"count":3,"href":"http:\/\/www.ultrasoundgel.eu\/de\/wp-json\/wp\/v2\/pages\/146\/revisions"}],"predecessor-version":[{"id":153,"href":"http:\/\/www.ultrasoundgel.eu\/de\/wp-json\/wp\/v2\/pages\/146\/revisions\/153"}],"wp:attachment":[{"href":"http:\/\/www.ultrasoundgel.eu\/de\/wp-json\/wp\/v2\/media?parent=146"}],"curies":[{"name":"wp","href":"https:\/\/api.w.org\/{rel}","templated":true}]}}