{"id":158,"date":"2012-08-07T15:25:00","date_gmt":"2012-08-07T15:25:00","guid":{"rendered":"http:\/\/www.ultrasoundgel.eu\/?page_id=158"},"modified":"2012-08-07T15:25:00","modified_gmt":"2012-08-07T15:25:00","slug":"das-unternehmen","status":"publish","type":"page","link":"http:\/\/www.ultrasoundgel.eu\/de\/das-unternehmen\/","title":{"rendered":"Das Unternehmen"},"content":{"rendered":"<div class=\"su-column su-column-1-2\">\nInhaber der Internetseite:<br \/>\nART-PE<br \/>\nPetra \u0160ircelj s.p.<br \/>\nRihpovec 8<br \/>\nSI-8210 Trebnje\n<\/div>\n<div class=\"su-column su-column-1-2 su-column-last\">\n<a href=\"http:\/\/www.ultrasoundgel.eu\/wp-content\/uploads\/2012\/07\/GelPlus-logoEN.png\"><img decoding=\"async\" loading=\"lazy\" class=\"aligncenter size-medium wp-image-130\" title=\"GelPlus-logoEN\" src=\"http:\/\/www.ultrasoundgel.eu\/wp-content\/uploads\/2012\/07\/GelPlus-logoEN-300x158.png\" alt=\"\" width=\"300\" height=\"158\" srcset=\"http:\/\/www.ultrasoundgel.eu\/wp-content\/uploads\/2012\/07\/GelPlus-logoEN-300x158.png 300w, http:\/\/www.ultrasoundgel.eu\/wp-content\/uploads\/2012\/07\/GelPlus-logoEN.png 635w\" sizes=\"(max-width: 300px) 100vw, 300px\" \/><\/a>\n<\/div>\n<div class=\"su-spacer\"><\/div>\n<p>Steuernummer: SI50323229<br \/>\nKonto-Nr.: SI56 1010 0004 7799 461 (Banka Koper)<br \/>\nSWIFT: BAKOSI2X<\/p>\n<p><strong>Contacts: \u00a0<\/strong><br \/>\nE-mail: info@gel.si\u00a0\u00a0\u00a0\u00a0\u00a0\u00a0\u00a0\u00a0\u00a0\u00a0\u00a0\u00a0\u00a0\u00a0\u00a0\u00a0\u00a0\u00a0\u00a0\u00a0\u00a0\u00a0\u00a0\u00a0\u00a0 Tel.: +386 59 047 151\u00a0\u00a0\u00a0\u00a0\u00a0\u00a0\u00a0\u00a0\u00a0\u00a0\u00a0\u00a0\u00a0\u00a0\u00a0\u00a0\u00a0\u00a0\u00a0\u00a0 Mobil: +386 41 794 492<\/p>\n<p>Gel+ ist eine Spitzenmarke f\u00fcr hochqualit\u00e4ts Ultraschallgel, dass f\u00fcr professionelle Anwendung in der Medizin, Kosmetik und Physiotherapie geeignet ist.<\/p>\n<p><strong>Lieferungsbedingungen<\/strong><br \/>\nDas Gel+ Ultraschallgel kann vom Privatverbraucher oder Firmen bestellt werden. Bestehenden Kunden bieten wir einen Zahlungsaufschub an, neue Kunden m\u00fcssen aber im Voraus (nach Proformarechnung) zahlen.<\/p>\n<p>Das Gel+ wird an Ihre Adresse sp\u00e4testens 48 Stunden nach Best\u00e4tigung der Bestellung geliefert, in der Regel aber am n\u00e4chsten Arbeitstag, sofern die Bestellung vor 12 Uhr abgegeben wurde.<br \/>\nDie Lieferungskosten liegen dem K\u00e4ufer zur Last, sofern es nicht anders abgemacht ist. Zustellungskosten werden nach der beiliegenden Preisliste berechnet. Preise ohne Mehrwertsteuer. Bei gr\u00f6\u00dferen Mengen k\u00f6nnen andere Abmachungen getroffen werden.<strong><\/strong><\/p>\n<p><strong>Bitte schauen Sie sich auch unsere anderen Angebote an:<br \/>\n<\/strong><\/p>\n<p><a href=\"http:\/\/www.art-kozmetika.com\">www.art-kozmetika.com<\/a>\u00a0\u00a0\u00a0 &#8211;\u00a0\u00a0 Ausstattung und Zubeh\u00f6r f\u00fcr Kosmetik- und Friseursalons<\/p>\n<p><a href=\"http:\/\/www.art-kozmetika.com\">www.eliteiplrf.com<\/a>\u00a0\u00a0\u00a0\u00a0\u00a0\u00a0\u00a0\u00a0\u00a0\u00a0\u00a0\u00a0\u00a0\u00a0\u00a0 &#8211;\u00a0 Hochwertige Kosmetikger\u00e4te<\/p>\n<p><a href=\"http:\/\/www.art-pe.si\">www.art-pe.si\u00a0<\/a>\u00a0\u00a0\u00a0\u00a0\u00a0\u00a0\u00a0\u00a0\u00a0\u00a0\u00a0\u00a0\u00a0\u00a0\u00a0\u00a0\u00a0\u00a0\u00a0\u00a0\u00a0\u00a0\u00a0\u00a0 &#8211; Ausgezeichnetes Verw\u00f6hn-und Sch\u00f6nheitszentrum<\/p>\n","protected":false},"excerpt":{"rendered":"<p>Steuernummer: SI50323229 Konto-Nr.: SI56 1010 0004 7799 461 (Banka Koper) SWIFT: BAKOSI2X Contacts: \u00a0 E-mail: info@gel.si\u00a0\u00a0\u00a0\u00a0\u00a0\u00a0\u00a0\u00a0\u00a0\u00a0\u00a0\u00a0\u00a0\u00a0\u00a0\u00a0\u00a0\u00a0\u00a0\u00a0\u00a0\u00a0\u00a0\u00a0\u00a0 Tel.: +386 59 047 151\u00a0\u00a0\u00a0\u00a0\u00a0\u00a0\u00a0\u00a0\u00a0\u00a0\u00a0\u00a0\u00a0\u00a0\u00a0\u00a0\u00a0\u00a0\u00a0\u00a0 Mobil: +386 41 794 492 Gel+ ist eine Spitzenmarke f\u00fcr hochqualit\u00e4ts Ultraschallgel, dass f\u00fcr professionelle Anwendung in der Medizin, Kosmetik und Physiotherapie geeignet ist. Lieferungsbedingungen Das Gel+ Ultraschallgel kann vom Privatverbraucher oder Firmen bestellt [&hellip;]<\/p>\n","protected":false},"author":1,"featured_media":0,"parent":0,"menu_order":0,"comment_status":"open","ping_status":"open","template":"","meta":[],"_links":{"self":[{"href":"http:\/\/www.ultrasoundgel.eu\/de\/wp-json\/wp\/v2\/pages\/158"}],"collection":[{"href":"http:\/\/www.ultrasoundgel.eu\/de\/wp-json\/wp\/v2\/pages"}],"about":[{"href":"http:\/\/www.ultrasoundgel.eu\/de\/wp-json\/wp\/v2\/types\/page"}],"author":[{"embeddable":true,"href":"http:\/\/www.ultrasoundgel.eu\/de\/wp-json\/wp\/v2\/users\/1"}],"replies":[{"embeddable":true,"href":"http:\/\/www.ultrasoundgel.eu\/de\/wp-json\/wp\/v2\/comments?post=158"}],"version-history":[{"count":1,"href":"http:\/\/www.ultrasoundgel.eu\/de\/wp-json\/wp\/v2\/pages\/158\/revisions"}],"predecessor-version":[{"id":159,"href":"http:\/\/www.ultrasoundgel.eu\/de\/wp-json\/wp\/v2\/pages\/158\/revisions\/159"}],"wp:attachment":[{"href":"http:\/\/www.ultrasoundgel.eu\/de\/wp-json\/wp\/v2\/media?parent=158"}],"curies":[{"name":"wp","href":"https:\/\/api.w.org\/{rel}","templated":true}]}}