{"id":195,"date":"2012-08-22T18:39:50","date_gmt":"2012-08-22T18:39:50","guid":{"rendered":"http:\/\/www.ultrasoundgel.eu\/?page_id=195"},"modified":"2012-08-22T18:39:50","modified_gmt":"2012-08-22T18:39:50","slug":"gel-de-cavitacion-laser-y-ultrasonido","status":"publish","type":"page","link":"http:\/\/www.ultrasoundgel.eu\/es\/","title":{"rendered":"Gel de cavitaci\u00f3n, l\u00e1ser y ultrasonido"},"content":{"rendered":"<div class=\"su-column su-column-1-3\">\n<div class=\"su-frame su-frame-align-none\">\n<div class=\"su-frame-shell\"><a href=\"http:\/\/www.ultrasoundgel.eu\/wp-content\/uploads\/2012\/07\/kavitacija.jpg\"><img decoding=\"async\" loading=\"lazy\" class=\"alignnone size-thumbnail wp-image-59\" title=\"kavitacija\" src=\"http:\/\/www.ultrasoundgel.eu\/wp-content\/uploads\/2012\/07\/kavitacija-e1342208534602-150x150.jpg\" alt=\"\" width=\"150\" height=\"150\" \/><\/a><\/div>\n<\/div>\n<p><strong>La cavitaci\u00f3n<\/strong><br \/>\nGel de cavitaci\u00f3n, llamado Gel+, esta dise\u00f1ado\u00a0 para el tratamientos, como son la cavitaci\u00f3n y la electroestimulaci\u00f3n.<\/p>\n<\/div>\n<div class=\"su-column su-column-1-3\">\n<div class=\"su-frame su-frame-align-none\">\n<div class=\"su-frame-shell\"><a href=\"http:\/\/www.ultrasoundgel.eu\/wp-content\/uploads\/2012\/07\/ultrazvok.jpg\"><img decoding=\"async\" loading=\"lazy\" class=\"alignnone size-thumbnail wp-image-71\" title=\"ultrazvok\" src=\"http:\/\/www.ultrasoundgel.eu\/wp-content\/uploads\/2012\/07\/ultrazvok-150x150.jpg\" alt=\"\" width=\"150\" height=\"150\" srcset=\"http:\/\/www.ultrasoundgel.eu\/wp-content\/uploads\/2012\/07\/ultrazvok-150x150.jpg 150w, http:\/\/www.ultrasoundgel.eu\/wp-content\/uploads\/2012\/07\/ultrazvok-210x210.jpg 210w\" sizes=\"(max-width: 150px) 100vw, 150px\" \/><\/a><\/div>\n<\/div>\n<p><strong>Ultrasonido<\/strong><\/p>\n<p>Gel de ultradosindo, llamado Gel+, esta dise\u00f1ado para los tratamientos con ultrasonido, que te permite ver tu bebe en el vientre, su ritmo cardiaco y reviso de los organos internos para los fines medicales.<\/p>\n<\/div>\n<div class=\"su-column su-column-1-3 su-column-last\">\n<div class=\"su-frame su-frame-align-none\">\n<div class=\"su-frame-shell\"><a href=\"http:\/\/www.ultrasoundgel.eu\/wp-content\/uploads\/2012\/07\/epilacija-1.jpg\"><img decoding=\"async\" loading=\"lazy\" class=\"alignnone size-thumbnail wp-image-72\" title=\"epilacija-1\" src=\"http:\/\/www.ultrasoundgel.eu\/wp-content\/uploads\/2012\/07\/epilacija-1-150x150.jpg\" alt=\"\" width=\"150\" height=\"150\" srcset=\"http:\/\/www.ultrasoundgel.eu\/wp-content\/uploads\/2012\/07\/epilacija-1-150x150.jpg 150w, http:\/\/www.ultrasoundgel.eu\/wp-content\/uploads\/2012\/07\/epilacija-1-210x210.jpg 210w\" sizes=\"(max-width: 150px) 100vw, 150px\" \/><\/a><\/div>\n<\/div>\n<p><strong>IPL l\u00e1ser<\/strong><br \/>\nIPL l\u00e1ser, llamado Gel +, esta dise\u00f1ado para que se lo usa con IPL l\u00e1ser o con eLite IPL + RF l\u00e1ser y con otros l\u00e1seres (diodo laser).\n<\/div>\n<div class=\"su-spacer\"><\/div>\n<div class=\"clear\"><\/div>\n<p>Gel de ultrasonido es transparente y denso, pero no es desagradable pegajoso. Cuando el gel esta aplicado en la piel, el gel no gotea. Suavemente se agrega la piel y se queda all\u00ed hasta el final del proceso, cuando el gel se limpie. Los comentarios mas preferidos son que el gel hace frio. Por eso, muchos expertos en medicina y cosmetica est\u00e1n utilizando especiales calentadores, que los ponen en la piel de paciente para calentar el piel antes de utilizar el gel.<\/p>\n<div class=\"su-heading\">\n<div class=\"su-heading-shell\">En ciertos procedimientos es deseable que el gel se usa frio.<\/div>\n<\/div>\n<div class=\"su-column su-column-1-2\">\n<ul>\n<li>No tiene olor<\/li>\n<li>Ac\u00fasticamente adecuado para una amplia de frecuencias<\/li>\n<li>Hipoalergenico, bacteriostatico, no irritante<\/li>\n<li>Soluble en agua (f\u00e1cilmente extra\u00edble)<\/li>\n<li>Sin productos qu\u00edmicos o colorantes<\/li>\n<\/ul>\n<\/div>\n<div class=\"su-column su-column-1-2 su-column-last\">\n<ul>\n<li>Una formula rica y humectante<\/li>\n<li>Comodo y agradable de usar<\/li>\n<li>No haga da\u00f1o en el equipo y no ensucia las ropas<\/li>\n<li>Certificado: CE, ISO 13485:2003\/AC:2009<\/li>\n<li>El precio mas bajo esta garantizado<\/li>\n<\/ul>\n<\/div>\n<div class=\"su-spacer\"><\/div>\n<div class=\"su-heading\">\n<div class=\"su-heading-shell\">Recomendaciones de los clientes<\/div>\n<\/div>\n<div class=\"su-quote su-quote-style-1\">\n<div class=\"su-quote-shell\">Los clientes en mi sal\u00f3n de belleza, inmediatamente notificaron, que estamos usando el nuevo gel para la cavitaci\u00f3n. Hemos recibido muchos comentarios positivos, particularmente con respecto a olor y la facilidad de quitar lo.<br \/>\nPetra, Novo mesto, Eslovenia<\/div>\n<\/div>\n<div class=\"su-quote su-quote-style-1\">\n<div class=\"su-quote-shell\">El gel se puede quitar con mucha facilidad. Nos salvo de muchas situaciones desagradable, porque afortunadamente, no nos ensucian los clientes. Pero tambi\u00e9n es conveniente \u201cduro\u201d y por eso lo consumamos menos.<br \/>\nMarta, Nova Gorica, Eslovenia<\/div>\n<\/div>\n<div class=\"su-heading\">\n<div class=\"su-heading-shell\">El precio mas bajo garantizado<\/div>\n<\/div>\n<div class=\"su-column su-column-1-2\"><a href=\"\/es\/demanda\"><\/p>\n<div class=\"su-pricing-box-bg\" style=\"background-color:#2b2b2b;\"><span class=\"su-pricing-title\"  style=\"color:#ffffff;\"> Gel+ 0.25kg<\/span><\/p>\n<div class=\"su-pricing-line\" style=\"background-color:#1a1a1a;\" ><\/div>\n<div class=\"su-pricing-line-2\" style=\"background-color:#404040;\" ><\/div>\n<div style=\"color:#ffffff;\"><span class=\"su-pricing-value su-pricing-currency\" style=\"font-size: 30px;\" >\u20ac<\/span><span class=\"su-pricing-value\" style=\"font-size: 95px;\">0,89<\/span><span class=\"su-pricing-value\" style=\"font-size: 14px;\">\/pcs<\/span><br \/><span class=\"su-pricing-slug\" style=\"color: #959595; font-size: 11px; \"><\/span><\/div>\n<div class=\"su-pricing-line\" style=\"background-color:#1a1a1a;\" ><\/div>\n<div class=\"su-pricing-line-2\" style=\"background-color:#404040;\" ><\/div>\n<div class=\"su-pricing-content\" style=\"color:#ffffff;\">Empacado en botellas pl\u00e1sticas de 250 g. Paquete es 40 x 0,25 kg.<\/div>\n<\/div>\n<p><\/a><\/div>\n<div class=\"su-column su-column-1-2 su-column-last\"><a href=\"\/es\/demanda\"><\/p>\n<div class=\"su-pricing-box-bg\" style=\"background-color:#2b2b2b;\"><span class=\"su-pricing-title\"  style=\"color:#ffffff;\"> Gel+ 5kg<\/span><\/p>\n<div class=\"su-pricing-line\" style=\"background-color:#1a1a1a;\" ><\/div>\n<div class=\"su-pricing-line-2\" style=\"background-color:#404040;\" ><\/div>\n<div style=\"color:#ffffff;\"><span class=\"su-pricing-value su-pricing-currency\" style=\"font-size: 30px;\" >\u20ac<\/span><span class=\"su-pricing-value\" style=\"font-size: 95px;\">14,90<\/span><span class=\"su-pricing-value\" style=\"font-size: 14px;\">\/pcs<\/span><br \/><span class=\"su-pricing-slug\" style=\"color: #959595; font-size: 11px; \"><\/span><\/div>\n<div class=\"su-pricing-line\" style=\"background-color:#1a1a1a;\" ><\/div>\n<div class=\"su-pricing-line-2\" style=\"background-color:#404040;\" ><\/div>\n<div class=\"su-pricing-content\" style=\"color:#ffffff;\">Empacado en una caja de 5 kg.\u00a0 Paquete 2 x 5 kg en carton.<\/div>\n<\/div>\n<p><\/a><\/div>\n<div class=\"su-spacer\"><\/div>\n<p>Para cantidades mayores por favor envie su demanda. Gel + es la marca comercial de la empresa ART-PE.<\/p>\n<p>Gel para ultrasonido, cavitaci\u00f3n y laseres es basado en la formula que es consistente con los estandardes globales, que \u201cno se puede copiar\u201d.<br \/>\nGel de ultrasonido no tiene olor ni color. Se utiliza para los procedimientos m\u00e9dicos de diagosticos y para los procedimientos terap\u00e9uticos de ultrasonido en el \u00e1rea de obstetricia, ginecolog\u00eda, sistema digestivo, urinario y sistema nervioso. Tambien se utiliza en el area de los tratamientos con laser y en el \u00e1rea de intervenciones cosm\u00e9ticas.<\/p>\n<p><span style=\"font-size: medium;\">Informaciones de seguridad para el gel de ultrasonido<\/span><\/p>\n<p>Caracteristicas<\/p>\n<ul>\n<li>Retardante de la llama<\/li>\n<li>Noreactivo- estable<\/li>\n<li>Inofensivo para la salud<\/li>\n<li>Sin efectos negativos<\/li>\n<li>Si el gel\u00a0 Gel+ se derrama en el suelo lo eliminamos por los medios mecanicos, el suelo se lava con agua. ATENCION: deslizamiento<\/li>\n<li>Si el gel viene en el contacto con los ojos, los lavamos con el agua<\/li>\n<\/ul>\n<p>&nbsp;<\/p>\n<p><a href=\"\/es\/demanda\" class=\"su-button su-button-style-1 su-button-class\" style=\"background-color:#b80000;border:1px solid #930000;border-radius:6px;-moz-border-radius:6px;-webkit-border-radius:6px;\" target=\"_self\"><span style=\"color:#f8e6e6;padding:10px 22px 11px;font-size:14px;height:14px;line-height:14px;border-top:1px solid #dc8080;border-radius:6px;text-shadow:-1px -1px 0 #a60000;-moz-border-radius:6px;-moz-text-shadow:-1px -1px 0 #a60000;-webkit-border-radius:6px;-webkit-text-shadow:-1px -1px 0 #a60000;\">La orden \/ Demanda<\/span><\/a><\/p>\n","protected":false},"excerpt":{"rendered":"<p>Gel de ultrasonido es transparente y denso, pero no es desagradable pegajoso. Cuando el gel esta aplicado en la piel, el gel no gotea. Suavemente se agrega la piel y se queda all\u00ed hasta el final del proceso, cuando el gel se limpie. Los comentarios mas preferidos son que el gel hace frio. Por eso, [&hellip;]<\/p>\n","protected":false},"author":1,"featured_media":0,"parent":0,"menu_order":0,"comment_status":"open","ping_status":"open","template":"","meta":[],"_links":{"self":[{"href":"http:\/\/www.ultrasoundgel.eu\/es\/wp-json\/wp\/v2\/pages\/195"}],"collection":[{"href":"http:\/\/www.ultrasoundgel.eu\/es\/wp-json\/wp\/v2\/pages"}],"about":[{"href":"http:\/\/www.ultrasoundgel.eu\/es\/wp-json\/wp\/v2\/types\/page"}],"author":[{"embeddable":true,"href":"http:\/\/www.ultrasoundgel.eu\/es\/wp-json\/wp\/v2\/users\/1"}],"replies":[{"embeddable":true,"href":"http:\/\/www.ultrasoundgel.eu\/es\/wp-json\/wp\/v2\/comments?post=195"}],"version-history":[{"count":2,"href":"http:\/\/www.ultrasoundgel.eu\/es\/wp-json\/wp\/v2\/pages\/195\/revisions"}],"predecessor-version":[{"id":197,"href":"http:\/\/www.ultrasoundgel.eu\/es\/wp-json\/wp\/v2\/pages\/195\/revisions\/197"}],"wp:attachment":[{"href":"http:\/\/www.ultrasoundgel.eu\/es\/wp-json\/wp\/v2\/media?parent=195"}],"curies":[{"name":"wp","href":"https:\/\/api.w.org\/{rel}","templated":true}]}}