{"id":179,"date":"2012-08-15T17:26:41","date_gmt":"2012-08-15T17:26:41","guid":{"rendered":"http:\/\/www.ultrasoundgel.eu\/?page_id=179"},"modified":"2012-08-15T17:27:13","modified_gmt":"2012-08-15T17:27:13","slug":"gel-per-cavitazione-laser-e-ultrasuono","status":"publish","type":"page","link":"http:\/\/www.ultrasoundgel.eu\/it\/","title":{"rendered":"Gel per cavitazione, laser e ultrasuono"},"content":{"rendered":"<div class=\"su-column su-column-1-3\">\n<div class=\"su-frame su-frame-align-none\">\n<div class=\"su-frame-shell\"><a href=\"http:\/\/www.ultrasoundgel.eu\/wp-content\/uploads\/2012\/07\/kavitacija.jpg\"><img decoding=\"async\" loading=\"lazy\" class=\"alignnone size-thumbnail wp-image-59\" title=\"kavitacija\" src=\"http:\/\/www.ultrasoundgel.eu\/wp-content\/uploads\/2012\/07\/kavitacija-e1342208534602-150x150.jpg\" alt=\"\" width=\"150\" height=\"150\" \/><\/a><\/div>\n<\/div>\n<p><strong>Cavitazione<\/strong><br \/>\nIl gel per la cavitazione \u00e8 destinato ai trattamenti come la cavitazione e l&#8217;elettrostimolazione.<\/p>\n<\/div>\n<div class=\"su-column su-column-1-3\">\n<div class=\"su-frame su-frame-align-none\">\n<div class=\"su-frame-shell\"><a href=\"http:\/\/www.ultrasoundgel.eu\/wp-content\/uploads\/2012\/07\/ultrazvok.jpg\"><img decoding=\"async\" loading=\"lazy\" class=\"alignnone size-thumbnail wp-image-71\" title=\"ultrazvok\" src=\"http:\/\/www.ultrasoundgel.eu\/wp-content\/uploads\/2012\/07\/ultrazvok-150x150.jpg\" alt=\"\" width=\"150\" height=\"150\" srcset=\"http:\/\/www.ultrasoundgel.eu\/wp-content\/uploads\/2012\/07\/ultrazvok-150x150.jpg 150w, http:\/\/www.ultrasoundgel.eu\/wp-content\/uploads\/2012\/07\/ultrazvok-210x210.jpg 210w\" sizes=\"(max-width: 150px) 100vw, 150px\" \/><\/a><\/div>\n<\/div>\n<p><strong>Ultrasuono<\/strong><br \/>\nIl gel per l&#8217;ultrasuono, il Gel+, \u00e8 destinato ai trattamenti con l&#8217;ultrasuono che permettono di vedere il bambino ancora non nato, di sentire e misurare il battito cardiaco del bambino e di esaminare gli organi interni per scopi medici.<\/p>\n<\/div>\n<div class=\"su-column su-column-1-3 su-column-last\">\n<div class=\"su-frame su-frame-align-none\">\n<div class=\"su-frame-shell\"><a href=\"http:\/\/www.ultrasoundgel.eu\/wp-content\/uploads\/2012\/07\/epilacija-1.jpg\"><img decoding=\"async\" loading=\"lazy\" class=\"alignnone size-thumbnail wp-image-72\" title=\"epilacija-1\" src=\"http:\/\/www.ultrasoundgel.eu\/wp-content\/uploads\/2012\/07\/epilacija-1-150x150.jpg\" alt=\"\" width=\"150\" height=\"150\" srcset=\"http:\/\/www.ultrasoundgel.eu\/wp-content\/uploads\/2012\/07\/epilacija-1-150x150.jpg 150w, http:\/\/www.ultrasoundgel.eu\/wp-content\/uploads\/2012\/07\/epilacija-1-210x210.jpg 210w\" sizes=\"(max-width: 150px) 100vw, 150px\" \/><\/a><\/div>\n<\/div>\n<p><strong>Laser IPL<\/strong><br \/>\nIl gel per i laser IPL, il Gel+, \u00e8 destinato all&#8217;utilizzo durante il lavoro con l&#8217;IPL laser, gli eLite IPL+RF laser e gli altri dispositivi laser (diodi laser).\n<\/div>\n<div class=\"su-spacer\"><\/div>\n<div class=\"clear\"><\/div>\n<p>Il gel per ultrasuoni \u00e8 trasparente e denso ma non appiccicoso. Quando il gel per ultrasuoni si applica sulla pelle non gocciola e non cola dalla pelle. Il gel si posa gentilmente sulla pelle e resta cos\u00ec fino alla fine della procedura, quando si toglie. Il commento pi\u00f9 frequente riguardante il gel \u00e8 che \u00e8 freddo. Per questo motivo molti professionisti medici e cosmetici usano speciali riscaldatori che riscaldano il gel ad una temperatura pi\u00f9 confortevole prima di applicarlo sulla pelle del paziente. Un gel per ultrasuoni freddo pu\u00f2 essere anche desiderabile durante alcune procedure.<\/p>\n<div class=\"su-heading\">\n<div class=\"su-heading-shell\">Caratteristiche<\/div>\n<\/div>\n<div class=\"su-column su-column-1-2\">\n<ul>\n<li>Senza odore<\/li>\n<li>Acusticamente adatto ad una vasta gamma di frequenze<\/li>\n<li>Ipoallergenico, batteriostatico, non irritante<\/li>\n<li>Solubile nell&#8217;acqua (facilmente rimuovibile)<\/li>\n<li>Senza pericolosi agenti chimici o coloranti<\/li>\n<\/ul>\n<\/div>\n<div class=\"su-column su-column-1-2 su-column-last\">\n<ul>\n<li>Formula ricca, idratante<\/li>\n<li>Confortabile e piacevole per l&#8217;uso<\/li>\n<li>Acusticamente adatto ad una vasta gamma di frequenze<\/li>\n<li>Non danneggia l&#8217;equipaggiamento e non sporca gli abiti.<\/li>\n<li>Adeguatamente certificato: CE, ISO 13485:2003\/AC:2009<\/li>\n<li>Il prezzo pi\u00f9 basso garantito<\/li>\n<\/ul>\n<\/div>\n<div class=\"su-spacer\"><\/div>\n<div class=\"su-heading\">\n<div class=\"su-heading-shell\">Raccomandazioni da parte dei clienti<\/div>\n<\/div>\n<div class=\"su-quote su-quote-style-1\">\n<div class=\"su-quote-shell\">Le clienti del mio salone estetico hanno subito notato che usiamo un gel nuovo per il trattamento di cavitazione. Abbiamo ricevuto molti commenti positivi, sopratutto sul fatto che il gel \u00e8 inodore e si pu\u00f2 rimuovere facilmente. Petra, Novo mesto, Slovenia<\/div>\n<\/div>\n<div class=\"su-quote su-quote-style-1\">\n<div class=\"su-quote-shell\">Il gel si rimuove con una straordinaria facilita. Ci ha risparmiato molte situazioni di disagio poich\u00e9 fortunatamente non sporca gli abiti della clientela. \u00c8 anche adeguatamente \u00bbduro\u00ab e per questo adesso ne usiamo di meno. Marta, Nova Gorica, Slovenia<\/div>\n<\/div>\n<div class=\"su-heading\">\n<div class=\"su-heading-shell\">Il prezzo pi\u00f9 basso garantito<\/div>\n<\/div>\n<div class=\"su-column su-column-1-2\"><a href=\"\/it\/ordine\"><\/p>\n<div class=\"su-pricing-box-bg\" style=\"background-color:#2b2b2b;\"><span class=\"su-pricing-title\"  style=\"color:#ffffff;\"> Gel+ 0.25kg<\/span><\/p>\n<div class=\"su-pricing-line\" style=\"background-color:#1a1a1a;\" ><\/div>\n<div class=\"su-pricing-line-2\" style=\"background-color:#404040;\" ><\/div>\n<div style=\"color:#ffffff;\"><span class=\"su-pricing-value su-pricing-currency\" style=\"font-size: 30px;\" >\u20ac<\/span><span class=\"su-pricing-value\" style=\"font-size: 95px;\">0,89<\/span><span class=\"su-pricing-value\" style=\"font-size: 14px;\">\/pezzo<\/span><br \/><span class=\"su-pricing-slug\" style=\"color: #959595; font-size: 11px; \"><\/span><\/div>\n<div class=\"su-pricing-line\" style=\"background-color:#1a1a1a;\" ><\/div>\n<div class=\"su-pricing-line-2\" style=\"background-color:#404040;\" ><\/div>\n<div class=\"su-pricing-content\" style=\"color:#ffffff;\">Confezionato in bottigliette di plastica da 250g.\u00a0 Confezione\u00a0 40 x 0,25 kg.<\/div>\n<\/div>\n<p><\/a><\/div>\n<div class=\"su-column su-column-1-2 su-column-last\"><a href=\"\/it\/ordine\"><\/p>\n<div class=\"su-pricing-box-bg\" style=\"background-color:#2b2b2b;\"><span class=\"su-pricing-title\"  style=\"color:#ffffff;\"> Gel+ 5kg<\/span><\/p>\n<div class=\"su-pricing-line\" style=\"background-color:#1a1a1a;\" ><\/div>\n<div class=\"su-pricing-line-2\" style=\"background-color:#404040;\" ><\/div>\n<div style=\"color:#ffffff;\"><span class=\"su-pricing-value su-pricing-currency\" style=\"font-size: 30px;\" >\u20ac<\/span><span class=\"su-pricing-value\" style=\"font-size: 95px;\">14,90<\/span><span class=\"su-pricing-value\" style=\"font-size: 14px;\">\/pezzo<\/span><br \/><span class=\"su-pricing-slug\" style=\"color: #959595; font-size: 11px; \"><\/span><\/div>\n<div class=\"su-pricing-line\" style=\"background-color:#1a1a1a;\" ><\/div>\n<div class=\"su-pricing-line-2\" style=\"background-color:#404040;\" ><\/div>\n<div class=\"su-pricing-content\" style=\"color:#ffffff;\">Confezionato in una bomboletta da 5 kg. Confezione 2 x 5 kg in cartone.<\/div>\n<\/div>\n<p><\/a><\/div>\n<div class=\"su-spacer\"><\/div>\n<p>Per quantit\u00e0 maggiori inviate una richiesta. Il Gel+ \u00e8 il marchio della societ\u00e0 ART-PE.<\/p>\n<p>Il gel per l\u2019ultrasuono, la cavitazione e per i laser si basa su una formula, conforme con i standard mondiali, che non \u201cpu\u00f2 essere copiata\u201d. Il gel per l\u2019ultrasuono \u00e8 senza odore o colore. Si usa per scopi diagnostici e terapeutici di procedure mediche con l\u2019ultrasuono nel campo dell\u2019ostetricia, ginecologia, sistemi digestivi, urinari e nervosi, nel campo degli trattamenti laser ed i trattamenti estetici.<\/p>\n<p><span style=\"font-size: medium;\">Informazioni di sicurezza sul gel per ultrasuoni<\/span><\/p>\n<p>Caratteristiche:<\/p>\n<ul>\n<li>non combustibile<\/li>\n<li>non reattivo \u2013 stabile<\/li>\n<li>non nuoce alla salute<\/li>\n<li>non sono conosciuti effetti collaterali negativi durante l\u2019uso<\/li>\n<li>nel caso di versamento del gel Gel+ per terra lo possiamo meccanicamente rimuovere e laviamo la superficie con acqua \u2013 ATTENZIONE: pericolo di slittamento<\/li>\n<li>se viene a contatto con gli occhi, laviamo gli occhi con acqua<\/li>\n<\/ul>\n<p>&nbsp;<\/p>\n<p><a href=\"\/it\/ordine\" class=\"su-button su-button-style-1 su-button-class\" style=\"background-color:#b80000;border:1px solid #930000;border-radius:6px;-moz-border-radius:6px;-webkit-border-radius:6px;\" target=\"_self\"><span style=\"color:#f8e6e6;padding:10px 22px 11px;font-size:14px;height:14px;line-height:14px;border-top:1px solid #dc8080;border-radius:6px;text-shadow:-1px -1px 0 #a60000;-moz-border-radius:6px;-moz-text-shadow:-1px -1px 0 #a60000;-webkit-border-radius:6px;-webkit-text-shadow:-1px -1px 0 #a60000;\">Ordine<\/span><\/a><\/p>\n","protected":false},"excerpt":{"rendered":"<p>Il gel per ultrasuoni \u00e8 trasparente e denso ma non appiccicoso. Quando il gel per ultrasuoni si applica sulla pelle non gocciola e non cola dalla pelle. Il gel si posa gentilmente sulla pelle e resta cos\u00ec fino alla fine della procedura, quando si toglie. Il commento pi\u00f9 frequente riguardante il gel \u00e8 che \u00e8 [&hellip;]<\/p>\n","protected":false},"author":1,"featured_media":0,"parent":0,"menu_order":0,"comment_status":"open","ping_status":"open","template":"","meta":[],"_links":{"self":[{"href":"http:\/\/www.ultrasoundgel.eu\/it\/wp-json\/wp\/v2\/pages\/179"}],"collection":[{"href":"http:\/\/www.ultrasoundgel.eu\/it\/wp-json\/wp\/v2\/pages"}],"about":[{"href":"http:\/\/www.ultrasoundgel.eu\/it\/wp-json\/wp\/v2\/types\/page"}],"author":[{"embeddable":true,"href":"http:\/\/www.ultrasoundgel.eu\/it\/wp-json\/wp\/v2\/users\/1"}],"replies":[{"embeddable":true,"href":"http:\/\/www.ultrasoundgel.eu\/it\/wp-json\/wp\/v2\/comments?post=179"}],"version-history":[{"count":3,"href":"http:\/\/www.ultrasoundgel.eu\/it\/wp-json\/wp\/v2\/pages\/179\/revisions"}],"predecessor-version":[{"id":182,"href":"http:\/\/www.ultrasoundgel.eu\/it\/wp-json\/wp\/v2\/pages\/179\/revisions\/182"}],"wp:attachment":[{"href":"http:\/\/www.ultrasoundgel.eu\/it\/wp-json\/wp\/v2\/media?parent=179"}],"curies":[{"name":"wp","href":"https:\/\/api.w.org\/{rel}","templated":true}]}}