{"id":187,"date":"2012-08-15T17:36:04","date_gmt":"2012-08-15T17:36:04","guid":{"rendered":"http:\/\/www.ultrasoundgel.eu\/?page_id=187"},"modified":"2012-08-15T17:36:04","modified_gmt":"2012-08-15T17:36:04","slug":"la-societa","status":"publish","type":"page","link":"http:\/\/www.ultrasoundgel.eu\/it\/la-societa\/","title":{"rendered":"La societ\u00e0"},"content":{"rendered":"<div class=\"su-column su-column-1-2\">\nIl proprietario del sito web \u00e8:<br \/>\nART-PE<br \/>\nPetra \u0160ircelj s.p.<br \/>\nRihpovec 8<br \/>\nSI-8210 Trebnje\n<\/div>\n<div class=\"su-column su-column-1-2 su-column-last\">\n<a href=\"http:\/\/www.ultrasoundgel.eu\/wp-content\/uploads\/2012\/07\/GelPlus-logoEN.png\"><img decoding=\"async\" loading=\"lazy\" class=\"aligncenter size-medium wp-image-130\" title=\"GelPlus-logoEN\" src=\"http:\/\/www.ultrasoundgel.eu\/wp-content\/uploads\/2012\/07\/GelPlus-logoEN-300x158.png\" alt=\"\" width=\"300\" height=\"158\" srcset=\"http:\/\/www.ultrasoundgel.eu\/wp-content\/uploads\/2012\/07\/GelPlus-logoEN-300x158.png 300w, http:\/\/www.ultrasoundgel.eu\/wp-content\/uploads\/2012\/07\/GelPlus-logoEN.png 635w\" sizes=\"(max-width: 300px) 100vw, 300px\" \/><\/a>\n<\/div>\n<div class=\"su-spacer\"><\/div>\n<p>Numero d\u2019identificazione per l\u2019IVA: SI50323229<br \/>\nConto corrente: SI56 1010 0004 7799 461 (Bank of Koper)<br \/>\nSWIFT: BAKOSI2X<\/p>\n<p><strong>Contatti:<\/strong><br \/>\ne-mail: info@gel.si\u00a0\u00a0\u00a0\u00a0\u00a0\u00a0\u00a0\u00a0\u00a0\u00a0\u00a0\u00a0\u00a0\u00a0\u00a0\u00a0\u00a0\u00a0\u00a0\u00a0\u00a0\u00a0\u00a0\u00a0\u00a0 tel.: +386 59 047 151\u00a0\u00a0\u00a0\u00a0\u00a0\u00a0\u00a0\u00a0\u00a0\u00a0\u00a0\u00a0\u00a0\u00a0\u00a0\u00a0\u00a0\u00a0\u00a0\u00a0 gsm: +386 41 794 492<\/p>\n<p>Gel+ \u00e8 il marchio per\u00a0 il gel per ultrasuoni di alta qualit\u00e0 che \u00e8 destinato ad un uso professionale nella sanit\u00e0, estetica e fisioterapia.<\/p>\n<p><strong>Condizioni di consegna<\/strong><br \/>\nIl gel per ultrasuoni, il Gel+, pu\u00f2 essere ordinato da una persona fisica o giuridica. Per i partner di business esistenti offriamo il pagamento con dilazione, per i partner nuovi invece il pagamento per via di un preventivo.<br \/>\nIl Gel+ sar\u00e0 consegnato al vostro indirizzo non pi\u00f9 tardi di 48 ore dalla confermazione dell\u2019ordine,\u00a0 di solito il seguente giorno lavorativo, per gli ordini inviati fino le 12.<br \/>\nLe spese di spedizione sono a carico del compratore, salvo accordo contrario. Per la consegna porta a porta vale il seguente listino prezzi. I prezzi sono senza IVA inclusa. In caso di quantit\u00e0 maggiori \u00e8 possibile un accordo diverso.<\/p>\n<p>\u00c8 sempre possibile un ritiro di persona alla sede della societ\u00e0 \u2013 accordo preliminare.<\/p>\n<p><strong>Vi invitiamo a visitare anche le nostre altri offerte:<br \/>\n<\/strong><\/p>\n<p><a href=\"http:\/\/www.art-kozmetika.com\">www.art-kozmetika.com<\/a>\u00a0\u00a0\u00a0 &#8211;\u00a0\u00a0 Attrezzatura per saloni estetici e parrucchieri<\/p>\n<p><a href=\"http:\/\/www.art-kozmetika.com\">www.eliteiplrf.com<\/a>\u00a0\u00a0\u00a0\u00a0\u00a0\u00a0\u00a0\u00a0\u00a0\u00a0\u00a0\u00a0\u00a0\u00a0\u00a0 &#8211;\u00a0 Dispositivi cosmetici di alta qualit\u00e0<\/p>\n<p><a href=\"http:\/\/www.art-pe.si\">www.art-pe.si\u00a0<\/a>\u00a0\u00a0\u00a0\u00a0\u00a0\u00a0\u00a0\u00a0\u00a0\u00a0\u00a0\u00a0\u00a0\u00a0\u00a0\u00a0\u00a0\u00a0\u00a0\u00a0\u00a0\u00a0\u00a0\u00a0 &#8211; Un posto eccellente per prendersi cura di se e la bellezza<\/p>\n","protected":false},"excerpt":{"rendered":"<p>Numero d\u2019identificazione per l\u2019IVA: SI50323229 Conto corrente: SI56 1010 0004 7799 461 (Bank of Koper) SWIFT: BAKOSI2X Contatti: e-mail: info@gel.si\u00a0\u00a0\u00a0\u00a0\u00a0\u00a0\u00a0\u00a0\u00a0\u00a0\u00a0\u00a0\u00a0\u00a0\u00a0\u00a0\u00a0\u00a0\u00a0\u00a0\u00a0\u00a0\u00a0\u00a0\u00a0 tel.: +386 59 047 151\u00a0\u00a0\u00a0\u00a0\u00a0\u00a0\u00a0\u00a0\u00a0\u00a0\u00a0\u00a0\u00a0\u00a0\u00a0\u00a0\u00a0\u00a0\u00a0\u00a0 gsm: +386 41 794 492 Gel+ \u00e8 il marchio per\u00a0 il gel per ultrasuoni di alta qualit\u00e0 che \u00e8 destinato ad un uso professionale nella sanit\u00e0, estetica e fisioterapia. Condizioni [&hellip;]<\/p>\n","protected":false},"author":1,"featured_media":0,"parent":0,"menu_order":0,"comment_status":"open","ping_status":"open","template":"","meta":[],"_links":{"self":[{"href":"http:\/\/www.ultrasoundgel.eu\/it\/wp-json\/wp\/v2\/pages\/187"}],"collection":[{"href":"http:\/\/www.ultrasoundgel.eu\/it\/wp-json\/wp\/v2\/pages"}],"about":[{"href":"http:\/\/www.ultrasoundgel.eu\/it\/wp-json\/wp\/v2\/types\/page"}],"author":[{"embeddable":true,"href":"http:\/\/www.ultrasoundgel.eu\/it\/wp-json\/wp\/v2\/users\/1"}],"replies":[{"embeddable":true,"href":"http:\/\/www.ultrasoundgel.eu\/it\/wp-json\/wp\/v2\/comments?post=187"}],"version-history":[{"count":1,"href":"http:\/\/www.ultrasoundgel.eu\/it\/wp-json\/wp\/v2\/pages\/187\/revisions"}],"predecessor-version":[{"id":188,"href":"http:\/\/www.ultrasoundgel.eu\/it\/wp-json\/wp\/v2\/pages\/187\/revisions\/188"}],"wp:attachment":[{"href":"http:\/\/www.ultrasoundgel.eu\/it\/wp-json\/wp\/v2\/media?parent=187"}],"curies":[{"name":"wp","href":"https:\/\/api.w.org\/{rel}","templated":true}]}}