{"id":164,"date":"2012-08-07T15:38:26","date_gmt":"2012-08-07T15:38:26","guid":{"rendered":"http:\/\/www.ultrasoundgel.eu\/?page_id=164"},"modified":"2012-08-07T15:38:26","modified_gmt":"2012-08-07T15:38:26","slug":"au-sujet-du-gel","status":"publish","type":"page","link":"https:\/\/www.ultrasoundgel.eu\/fr\/au-sujet-du-gel\/","title":{"rendered":"Au sujet du gel"},"content":{"rendered":"<p>Le gel d&rsquo;ultrason (gel IPL, gel de cavitation) Gel+ est une sorte de m\u00e9dium de transmission qui est utilis\u00e9 pour les techniques de diagnostic \u00e0 ultrasons, la th\u00e9rapie par ultrasons, des soins cosm\u00e9tiques et des proc\u00e9d\u00e9s laser. Le gel d&rsquo;ultrason est appliqu\u00e9 \u00e0 la peau du patient au d\u00e9but de l&rsquo;examen par ultrasons, le traitement m\u00e9dical ou la th\u00e9rapie. Ensuite, un transducteur est plac\u00e9 sur le gel. C&rsquo;est un dispositif (applicateur \u00e0 main) qui est utilis\u00e9 pour l&rsquo;\u00e9mission et la r\u00e9ception des ondes sonores. Le gel d&rsquo;ultrason est \u00e9galement utilis\u00e9 en combinaison avec un dispositif qui permet aux m\u00e9decins et aux parents d&rsquo;\u00e9couter les battements du c\u0153ur de l&rsquo;enfant \u00e0 na\u00eetre.<\/p>\n<p>Le gel d&rsquo;ultrason est g\u00e9n\u00e9ralement transparent et \u00e9pais, mais il ne donne pas de sensation d\u00e9sagr\u00e9ablement collante. Une fois que le gel d&rsquo;ultrason est appliqu\u00e9 sur la peau, le gel ne coule par sur la peau ni d\u00e9gouline pas. Le gel d\u2019ultrason entoure doucement la peau et y reste jusqu\u2019\u00e0 la fin de proc\u00e9d\u00e9 quand nous l\u2019essuyons. Le commentaire le plus souvent mentionn\u00e9 sur le gel d\u2019ultrason c\u2019est qu&rsquo;il est froid. Pour cette raison, de nombreux experts m\u00e9dicaux et cosm\u00e9tiques utilisent des bouillottes sp\u00e9ciales qui r\u00e9chauffent le gel pour atteindre une temp\u00e9rature agr\u00e9able avant l\u2019application du gel sur la peau du patient.<\/p>\n<p>Le gel m\u00e9dical \u00e0 multi-usages inodore et incolore type Gel+ permet une haute qualit\u00e9 de transmission claire.<br \/>\n\u2022\u00a0\u00a0 \u00a0Inodore<br \/>\n\u2022\u00a0\u00a0 \u00a0Du point de vue acoustique, ce gel convient \u00e0 une large gamme de fr\u00e9quences utilis\u00e9es.<br \/>\n\u2022\u00a0\u00a0 \u00a0Hypoallerg\u00e9nique, bact\u00e9riostatique, non-irritant<br \/>\n\u2022\u00a0\u00a0 \u00a0Soluble dans l&rsquo;eau (facile \u00e0 nettoyer de la peau)<br \/>\n\u2022\u00a0\u00a0 \u00a0Sans\u00a0 aucun produit chimique nocif et sans colorants<\/p>\n<p>PROPRIETES du gel d&rsquo;ultrason Gel+<br \/>\n\u2022\u00a0\u00a0 \u00a0Une formule riche, hydratante<br \/>\n\u2022\u00a0\u00a0 \u00a0Confortable et agr\u00e9able \u00e0 utiliser<br \/>\n\u2022\u00a0\u00a0 \u00a0Du point de vue acoustique, ce gel convient \u00e0 une large gamme de fr\u00e9quences utilis\u00e9es.<br \/>\n\u2022\u00a0\u00a0 \u00a0Le gel n\u2019endommage pas l\u2019\u00e9quipement ni ne salit les v\u00eatements.<br \/>\n\u2022\u00a0\u00a0 \u00a0\u00a0\u00a0\u00a0 Hypoallerg\u00e9nique, bact\u00e9riostatique<\/p>\n<p>D\u00e9scription d\u00e9taill\u00e9e du produit Gel+ :<br \/>\nGel de transmission d&rsquo;ultrasons de 250 ml et de 5 L, gel inodore et incolore. Le gel de transmission d&rsquo;ultrasons est utilis\u00e9 pour les proc\u00e9dures diagnostiques et th\u00e9rapeutiques m\u00e9dicales d&rsquo;ultrason et des proc\u00e9dures cosm\u00e9tiques.<\/p>\n<p>Gel m\u00e9dical de transmission d&rsquo;ultrasons Gel+<\/p>\n<p>Le gel de transmission d&rsquo;ultrason en bouteilles de 250 ml et de 5 L est pr\u00e9par\u00e9 selon la formule qui est conforme \u00e0 la norme internationale et \u00ab qui ne peut pas \u00eatre copi\u00e9e \u00bb. Le gel de transmission d&rsquo;ultrasons est inodore et incolore. Le gel de transmission d&rsquo;ultrasons est utilis\u00e9 pour les proc\u00e9dures diagnostiques et th\u00e9rapeutiques m\u00e9dicales d&rsquo;ultrason dans le domaine de l&rsquo;obst\u00e9trique, la gyn\u00e9cologie, pour le syst\u00e8me digestif, le syst\u00e8me urinaire et le syst\u00e8me nerveux, dans le domaine des traitements au laser et des proc\u00e9dures cosm\u00e9tiques.<\/p>\n<p>Propri\u00e9t\u00e9s<\/p>\n<p>1.) Inodore et incolore<br \/>\n2.. Soluble dans l&rsquo;eau<br \/>\n3.) Du point de vue acoustique, ce gel convient \u00e0 une large gamme de fr\u00e9quences utilis\u00e9es.<br \/>\n4.) Sans formald\u00e9hyde<br \/>\n5.) Hypoallerg\u00e9nique, bact\u00e9riostatique, non-irritant<\/p>\n<p>Sp\u00e9cifications et empaquetage<br \/>\nbouteille en plastique de250 ml, 40 bouteilles dans une bo\u00eete en carton de dimensions<br \/>\n43\u00d727 \u00d721 cm<br \/>\n5 l dans un r\u00e9cipient en plastique, 2 r\u00e9cipients dans une bo\u00eete en carton de dimensions<br \/>\n37\u00d720\u00d7 25 cm [poids brut\/net du contenu de carton : 11,5\/10 kg]<\/p>\n<p>Date de durabilit\u00e9 : 2 ans<\/p>\n<p>A quoi sert le gel de transmission d&rsquo;ultrasons ?<\/p>\n<p>\u2022\u00a0\u00a0\u00a0 Il abaisse la t\u00e9mperature de la peau en utilisant les dispositifs \u00e9mettant des fr\u00e9quences radio \/ les dispositifs de la cavitation.<br \/>\n\u2022\u00a0\u00a0\u00a0 Il permet de d\u00e9placer l&rsquo;applicateur de fa\u00e7on continue \u00e0 l&rsquo;endroit \u00e0 traiter.<br \/>\n\u2022\u00a0\u00a0\u00a0 Il fonctionne comme un m\u00e9dium de transmission des sons ultrasonores permettant de p\u00e9n\u00e9trer la peau avec une\u00a0 interf\u00e9rence minimale<br \/>\n\u2022\u00a0\u00a0\u00a0 Il refroidit la peau en utilisant la technologie IPL et la technologie (eLite) au laser IPL+RF<\/p>\n<p>La peau se r\u00e9chauffe doucement pendant le traitement par les dispositifs \u00e9mettant des fr\u00e9quences radio \/ les dispositifs de la cavitation. Il\u00a0 n\u2019est pas recommand\u00e9 d&rsquo;utiliser de substituts du gel lors de l&rsquo;utilisation de ces dispositifs parce que la fonction la plus importante du gel est de r\u00e9duire la temp\u00e9rature de la peau. Veuillez noter que le Gel+ est la meilleure combinaison pour les dispositifs au laser IPL et les dispositifs au laser IPL + RF con\u00e7us par la soci\u00e9t\u00e9 ART-PE.<\/p>\n<p>Ce gel est une solution id\u00e9ale pour l\u2019utilisation des moniteurs f\u0153taux qui mesurent la fr\u00e9quence cardiaque de l&rsquo;enfant \u00e0 na\u00eetre.<\/p>\n<p>Beaucoup de m\u00e9decins, d\u2019esth\u00e9ticiennes, d\u2019h\u00f4pitaux, de cliniques, de salons de beaut\u00e9 et d\u2019autres \u00e9tablissements utilisent la technologie des ultrasons \u00e0 des fins diagnostiques. Cette technologie fonctionne par un principe de l\u2019\u00e9mission des ondes ultrasonores dans le corps humain. Une fois p\u00e9n\u00e9tr\u00e9es notre corps, les ondes ultrasonores n\u2019y restent pas pour longtemps, parce que elles sont renvoy\u00e9es par les organes ou d\u2019autre parties du corps inspect\u00e9es par les m\u00e9decins. Alors, les ondes ultrasonores sont par la suite\u00a0 renvoy\u00e9es vers le transducteur. Finalement, l\u2019analyse informatique est effectu\u00e9e ce qui permet que les ondes ultrasonores analys\u00e9es sont converties en image sur un moniteur, \u00e0 savoir l&rsquo;image de l\u2019ultrason puisse \u00eatre m\u00eame imprim\u00e9e pour r\u00e9pondre aux besoins du m\u00e9decin ou du patient.<\/p>\n","protected":false},"excerpt":{"rendered":"<p>Le gel d&rsquo;ultrason (gel IPL, gel de cavitation) Gel+ est une sorte de m\u00e9dium de transmission qui est utilis\u00e9 pour les techniques de diagnostic \u00e0 ultrasons, la th\u00e9rapie par ultrasons, des soins cosm\u00e9tiques et des proc\u00e9d\u00e9s laser. Le gel d&rsquo;ultrason est appliqu\u00e9 \u00e0 la peau du patient au d\u00e9but de l&rsquo;examen par ultrasons, le traitement [&hellip;]<\/p>\n","protected":false},"author":1,"featured_media":0,"parent":0,"menu_order":0,"comment_status":"open","ping_status":"open","template":"Template_right-sidebar.php","meta":[],"_links":{"self":[{"href":"https:\/\/www.ultrasoundgel.eu\/fr\/wp-json\/wp\/v2\/pages\/164"}],"collection":[{"href":"https:\/\/www.ultrasoundgel.eu\/fr\/wp-json\/wp\/v2\/pages"}],"about":[{"href":"https:\/\/www.ultrasoundgel.eu\/fr\/wp-json\/wp\/v2\/types\/page"}],"author":[{"embeddable":true,"href":"https:\/\/www.ultrasoundgel.eu\/fr\/wp-json\/wp\/v2\/users\/1"}],"replies":[{"embeddable":true,"href":"https:\/\/www.ultrasoundgel.eu\/fr\/wp-json\/wp\/v2\/comments?post=164"}],"version-history":[{"count":1,"href":"https:\/\/www.ultrasoundgel.eu\/fr\/wp-json\/wp\/v2\/pages\/164\/revisions"}],"predecessor-version":[{"id":165,"href":"https:\/\/www.ultrasoundgel.eu\/fr\/wp-json\/wp\/v2\/pages\/164\/revisions\/165"}],"wp:attachment":[{"href":"https:\/\/www.ultrasoundgel.eu\/fr\/wp-json\/wp\/v2\/media?parent=164"}],"curies":[{"name":"wp","href":"https:\/\/api.w.org\/{rel}","templated":true}]}}